{"id":100,"date":"2020-08-25T18:24:07","date_gmt":"2020-08-25T16:24:07","guid":{"rendered":"https:\/\/xsuiteportal.wp3.visual4.com\/?page_id=100"},"modified":"2025-06-13T13:49:10","modified_gmt":"2025-06-13T11:49:10","slug":"support","status":"publish","type":"page","link":"https:\/\/supportportal.xsuite.com\/de\/","title":{"rendered":"Support"},"content":{"rendered":"\t\t<div data-elementor-type=\"wp-page\" data-elementor-id=\"100\" class=\"elementor elementor-100 elementor-91\">\n\t\t\t\t\t\t<section class=\"elementor-section elementor-top-section elementor-element elementor-element-6231ae7b elementor-section-boxed elementor-section-height-default elementor-section-height-default\" data-id=\"6231ae7b\" data-element_type=\"section\" data-e-type=\"section\">\n\t\t\t\t\t\t<div class=\"elementor-container elementor-column-gap-default\">\n\t\t\t\t\t<div class=\"elementor-column elementor-col-100 elementor-top-column elementor-element elementor-element-6faa0290\" data-id=\"6faa0290\" data-element_type=\"column\" data-e-type=\"column\">\n\t\t\t<div class=\"elementor-widget-wrap elementor-element-populated\">\n\t\t\t\t\t\t<div class=\"elementor-element elementor-element-7201c982 elementor-widget elementor-widget-text-editor\" data-id=\"7201c982\" data-element_type=\"widget\" data-e-type=\"widget\" data-widget_type=\"text-editor.default\">\n\t\t\t\t<div class=\"elementor-widget-container\">\n\t\t\t\t\t\t\t\t\t<p><a href=\"https:\/\/supportportal.xsuite.com\/de\/mein-konto\/\">Anmelden<\/a><br \/><a href=\"https:\/\/supportportal.xsuite.com\/de\/registrieren\/\">Registrieren<\/a><\/p><p>Mit Ihrem Zugang geben Sie Supportf\u00e4lle auf und verfolgen diese. Zudem stehen Ihnen damit aktuelle Produktinformationen in den Foren zur Verf\u00fcgung.<\/p><p>Wir sind in jedem Fall f\u00fcr Sie da! Unseren Support erreichen Sie \u00fcber die Hotline- Zentrale: Mo &#8211; Fr von 08:00 bis 18:00 Uhr,<br \/>Tel. +49 4102 88 38 38<\/p><p>Kompetent und engagiert &#8211; wir k\u00fcmmern uns um Ihr Anliegen! Wenn Sie Fragen haben oder Fehler auftreten, steht Ihnen unser technischer Support zur Seite. Bitte melden Sie sich mit Ihrem pers\u00f6nlichen Login im Support-Portal an und geben Sie dort Ihre Anfragen online auf. Sollten Sie noch keinen Zugang haben, richten wir Ihnen diesen gern und umgehend ein.<\/p><p>Sie w\u00fcnschen das pers\u00f6nliche Gespr\u00e4ch? Unser Expertenteam im Support ist ganz f\u00fcr Sie da. Kompetent und engagiert &#8211; wir k\u00fcmmern uns um Ihr Anliegen! Rufen Sie uns an oder mailen Sie uns:<\/p><h3>Support-Zentrale Deutschland<\/h3><p>Mo-Fr von 08:00 bis 18:00 Uhr<br \/>+49 4102 88 38 38<br \/><a href=\"mailto:hotline@xsuite.com\">hotline@xsuite.com<\/a><\/p><h3>Support Benelux<\/h3><p>Mo-Fr von 08:00 bis 17:00 Uhr<br \/>+31 43 7600122<br \/><a href=\"mailto:support.benelux@xsuite.com\"> support.benelux@xsuite.com<\/a><\/p><h3>Support Asia<\/h3><p>Mo &#8211; Fr von 9:00 &#8211; 23:30 Uhr (SGT)<br \/>+65 8024 1045 or +65 6562 7880<br \/><a href=\"mailto:hotline.asia@xsuite.com\"> hotline.asia@xsuite.com<\/a><\/p><h3>Support Nordic<\/h3><p>Mo-Fr, 08:30 &#8211; 16:30 Uhr, LOGIN f\u00fcr D\u00e4nemark anfragen<br \/>+45 7027 0309<br \/><a href=\"mailto:info.nordic@xsuite.com\"> info.nordic@xsuite.com<\/a><\/p><h3>Support North America<\/h3><p>Mo-Fr, 8 AM &#8211; 6 PM EST<br \/>+1 617800 0980 Ext.111<br \/><a href=\"mailto:support.us@xsuite.com\"> support.us@xsuite.com<\/a><\/p>\t\t\t\t\t\t\t\t<\/div>\n\t\t\t\t<\/div>\n\t\t\t\t\t<\/div>\n\t\t<\/div>\n\t\t\t\t\t<\/div>\n\t\t<\/section>\n\t\t\t\t<\/div>\n\t\t","protected":false},"excerpt":{"rendered":"<p>AnmeldenRegistrieren Mit Ihrem Zugang geben Sie Supportf\u00e4lle auf und verfolgen diese. Zudem stehen Ihnen damit aktuelle Produktinformationen in den Foren zur Verf\u00fcgung. Wir sind in jedem Fall f\u00fcr Sie da! Unseren Support erreichen Sie \u00fcber die Hotline- Zentrale: Mo &#8211; Fr von 08:00 bis 18:00 Uhr,Tel. +49 4102 88 38 38 Kompetent und engagiert &#8211; [&hellip;]<\/p>\n","protected":false},"author":1,"featured_media":0,"parent":0,"menu_order":0,"comment_status":"closed","ping_status":"closed","template":"","meta":{"_acf_changed":false,"inline_featured_image":false,"footnotes":""},"class_list":["post-100","page","type-page","status-publish","hentry"],"acf":[],"_links":{"self":[{"href":"https:\/\/supportportal.xsuite.com\/de\/wp-json\/wp\/v2\/pages\/100","targetHints":{"allow":["GET"]}}],"collection":[{"href":"https:\/\/supportportal.xsuite.com\/de\/wp-json\/wp\/v2\/pages"}],"about":[{"href":"https:\/\/supportportal.xsuite.com\/de\/wp-json\/wp\/v2\/types\/page"}],"author":[{"embeddable":true,"href":"https:\/\/supportportal.xsuite.com\/de\/wp-json\/wp\/v2\/users\/1"}],"replies":[{"embeddable":true,"href":"https:\/\/supportportal.xsuite.com\/de\/wp-json\/wp\/v2\/comments?post=100"}],"version-history":[{"count":42,"href":"https:\/\/supportportal.xsuite.com\/de\/wp-json\/wp\/v2\/pages\/100\/revisions"}],"predecessor-version":[{"id":843,"href":"https:\/\/supportportal.xsuite.com\/de\/wp-json\/wp\/v2\/pages\/100\/revisions\/843"}],"wp:attachment":[{"href":"https:\/\/supportportal.xsuite.com\/de\/wp-json\/wp\/v2\/media?parent=100"}],"curies":[{"name":"wp","href":"https:\/\/api.w.org\/{rel}","templated":true}]}}